{"id":514,"date":"2021-05-16T18:12:31","date_gmt":"2021-05-16T18:12:31","guid":{"rendered":"http:\/\/wycieczkibournemouth.co.uk\/polityka-cookies\/"},"modified":"2021-05-19T08:45:43","modified_gmt":"2021-05-19T08:45:43","slug":"polityka-cookies","status":"publish","type":"page","link":"https:\/\/www.wycieczkibournemouth.co.uk\/en\/polityka-cookies\/","title":{"rendered":"Cookies policy"},"content":{"rendered":"<h2 class=\"wp-block-heading\">Cookies policy<\/h2>\n\n\n\n<p>Cookies enable us to identify you or your device. We use some cookies to enable you to move around the site and to provide some basic features. We use other cookies to improve the functionality of the website such as by storing preferences. We also use cookies to help us to improve the performance of our site and provide you with a better user experience.<\/p>\n\n\n\n<p>If you have visited this site via a country that requires us to display a notice about cookies you will have had to dismiss this notice, this dismissal of the notice would serve as you opting in to receive cookies. Navigating to any other page on the site would also serve as you opting in to receive cookies. If you continue without changing your settings, we'll assume that you are happy for us to use cookies on our site. However, if you would like to, you can change your cookie preferences at any time via your browser's settings.<\/p>\n\n\n\n<p>You do not have to accept cookies to use the website. If you reject cookies, certain features or resources of the website may not work properly or at all and you may have a degraded experience.<\/p>\n\n\n\n<p>Although most browsers are initially set to accept cookies, you can change your browser settings to notify you when you receive a cookie or to reject cookies generally.<\/p>\n\n\n\n<p>Where possible the cookies we place on your computer are stored in a secure, tamper-proof way and are submitted over secure connections only.<\/p>\n\n\n\n<p>You can opt out of cookies at any time, even after dismissing any notice we may have displayed to you. You can opt out of cookies by adjusting your browser settings.<\/p>\n\n<!--themify_builder_content-->\n<div id=\"themify_builder_content-514\" data-postid=\"514\" class=\"themify_builder_content themify_builder_content-514 themify_builder tf_clear\">\n    <\/div>\n<!--\/themify_builder_content-->\n\n\n<p><\/p>","protected":false},"excerpt":{"rendered":"<p>Polityka Cookies U\u017cywamy plik\u00f3w cookie aby umo\u017cliwi\u0107 Ci poruszanie si\u0119 po witrynie i zapewni\u0107 podstawow\u0105 funkcjonalno\u015b\u0107 strony. Korzystamy z innych plik\u00f3w cookie aby poprawi\u0107 funkcjonalno\u015b\u0107 serwisu WWW, np. przez zapisywanie preferencji. U\u017cywamy r\u00f3wnie\u017c plik\u00f3w cookie, aby pom\u00f3c nam w zwi\u0119kszeniu wydajno\u015bci naszej witryny i zapewni\u0107 lepsze wra\u017cenia u\u017cytkownika. Pliki cookie umo\u017cliwiaj\u0105 identyfikacj\u0119 u\u017cytkownika i\/lub urz\u0105dzenia [&hellip;]<\/p>\n","protected":false},"author":1,"featured_media":0,"parent":0,"menu_order":0,"comment_status":"closed","ping_status":"closed","template":"","meta":{"footnotes":""},"class_list":["post-514","page","type-page","status-publish","hentry","has-post-title","has-post-date","has-post-category","has-post-tag","has-post-comment","has-post-author",""],"builder_content":"","_links":{"self":[{"href":"https:\/\/www.wycieczkibournemouth.co.uk\/en\/wp-json\/wp\/v2\/pages\/514","targetHints":{"allow":["GET"]}}],"collection":[{"href":"https:\/\/www.wycieczkibournemouth.co.uk\/en\/wp-json\/wp\/v2\/pages"}],"about":[{"href":"https:\/\/www.wycieczkibournemouth.co.uk\/en\/wp-json\/wp\/v2\/types\/page"}],"author":[{"embeddable":true,"href":"https:\/\/www.wycieczkibournemouth.co.uk\/en\/wp-json\/wp\/v2\/users\/1"}],"replies":[{"embeddable":true,"href":"https:\/\/www.wycieczkibournemouth.co.uk\/en\/wp-json\/wp\/v2\/comments?post=514"}],"version-history":[{"count":3,"href":"https:\/\/www.wycieczkibournemouth.co.uk\/en\/wp-json\/wp\/v2\/pages\/514\/revisions"}],"predecessor-version":[{"id":569,"href":"https:\/\/www.wycieczkibournemouth.co.uk\/en\/wp-json\/wp\/v2\/pages\/514\/revisions\/569"}],"wp:attachment":[{"href":"https:\/\/www.wycieczkibournemouth.co.uk\/en\/wp-json\/wp\/v2\/media?parent=514"}],"curies":[{"name":"wp","href":"https:\/\/api.w.org\/{rel}","templated":true}]}}