{"id":516,"date":"2021-05-16T18:15:29","date_gmt":"2021-05-16T18:15:29","guid":{"rendered":"http:\/\/wycieczkibournemouth.co.uk\/?page_id=516"},"modified":"2021-05-19T09:08:15","modified_gmt":"2021-05-19T09:08:15","slug":"polityka-prywatnosci","status":"publish","type":"page","link":"https:\/\/www.wycieczkibournemouth.co.uk\/en\/polityka-prywatnosci\/","title":{"rendered":"Privacy policy"},"content":{"rendered":"<h2 class=\"wp-block-heading\">Privacy policy<\/h2>\n\n\n\n<p class=\"translation-block\">Last updated: Monday, April 20, 2021 12:00 AM\n<br>This Privacy Policy is designed to help you understand what information we collect at WB, how we use it, and what choices you have. The way in which we store data, process data, and run our business is done in a GDPR compliant manner.<\/p>\n\n\n\n<p>In short, we only gather Personal Data we need, we only keep it for as long as is needed, we only use it for what we state below, you can request to correct\/edit\/remove it, we store it securely, we do not pass it to third parties unless otherwise stated and we aim to be transparent with how we use Personal Data.<\/p>\n\n\n\n<p><strong>About \u201cWycieczki Bournemouth\u201d<\/strong><\/p>\n\n\n\n<p class=\"translation-block\">\u201cWycieczki Bournemouth\u201d is a trip organising business. We advertise and organise trips around Dorset, take enquiries about these trips, take bookings, take payments towards bookings and provide other trip related services.<br>\n\u201cWycieczki Bournemouth\u201d uses WordPress CMS, an online website management &amp; booking system to produce our website, keep track of bookings, enquiries, payments and more.\n<br>\u201cWycieczki Bournemouth\u201d is committed to the protection of Personal Data, including data that we use for our own purposes.<\/p>\n\n\n\n<p><strong>Collection and Use of Personal Data<\/strong><\/p>\n\n\n\n<p class=\"translation-block\">\u201cWycieczki Bournemouth\u201d collects information, including Personal Data, for the following purposes:\n<br>- Improving our website's content and user experience\n<br>- Internal business purposes\n<br>- Facilitating and storing the details of online &amp; offline bookings\/payments<\/p>\n\n\n\n<p class=\"translation-block\">Your consent to this policy (where requested) is tracked.<br>\nThis Policy is not intended to place any limits on what we do with data that is aggregated and\/or de-identified so it is no longer associated with an identifiable individual (Data Subject).<\/p>\n\n\n\n<p class=\"translation-block\">The services of \u201cWycieczki Bournemouth\u201d are not directed to children under 18. If you have learned that a child under 18 has provided us with Personal Data without consent, please contact us.<\/p>\n\n\n\n<p>Korzystanie z naszej strony internetowej przez osob\u0119 fizyczn\u0105 klasyfikuje wizyt\u0119 jako &#8222;uzasadniony interes&#8221;, odwiedzenie strony jest wystarczaj\u0105ce aby tak\u0105 wizyt\u0119 zidentyfikowa\u0107 a dane zwi\u0105zane z wizyt\u0105 danej osoby musz\u0105 by\u0107 przetwarzane w celu zapewnienia sprawnego funkcjonowania witryny. Wszelkie zgromadzone dane b\u0119d\u0105 wykorzystywane w spos\u00f3b konserwatywny zachowuj\u0105c prawa i swobod\u0119 odwiedzaj\u0105cego.<\/p>\n\n\n\n<p><strong>Internal business purposes<\/strong><\/p>\n\n\n\n<p>We may collect personal data from you through our Website (wycieczkibournemouth.co.uk), social media, over the phone, and other channels for the following purposes:<\/p>\n\n\n\n<p class=\"translation-block\"><strong>Responding to your enquiries:<\/strong><br> When you contact us with a comment, question or complaint, you may be asked for information that identifies you, such as your name, address and a telephone number, along with additional information we need to help us promptly answer your question or respond to your comment. We may retain this information to assist you in the future and to improve our customer service and offerings.<\/p>\n\n\n\n<p><strong>Informacja o ofercie<\/strong>:<br>Informacje kontaktowe u\u017cytkownika mog\u0105 by\u0107 wykorzystywane do cel\u00f3w marketingowych i reklamowych. Nie sprzedajemy ani nie odst\u0119pujemy Twoich danych osobowych innym firmom. Mo\u017cesz za\u017c\u0105da\u0107 usuni\u0119cia swoich danych wysy\u0142aj\u0105c e-mail na adres: <ins>&#8222;informacjawycieczki@gmail.com<\/ins>&#8222;<\/p>\n\n\n\n<p>To understand and improve our services, website service usage information is collected, including information about how you are accessing and using the service. We use this information to understand and improve our services, and to investigate and prevent security issues, abuse, fraud.<\/p>\n\n\n\n<p class=\"translation-block\"><strong>Facilitating you using our site: <\/strong><br>We collect the IP (Internet protocol) addresses of all visitors to our website and other related information such as page requests, browser type, operating system and average time spent on our website. We use this information to help us understand our website activity, and to monitor and improve our website. In addition to the information described above, our website uses cookies. Please refer to our Cookie Policy for additional details.<\/p>\n\n\n\n<p class=\"translation-block\"><strong>Facilitating and storing the details of online &amp; offline bookings\/payments<\/strong><br>\nWe collect Personal Data via our online booking form, over the telephone or via other channels to be able to store a record of who has (attempted to, confirmed, cancelled, etc) booked a trip we may be or have been advertising.<\/p>\n\n\n\n<p class=\"translation-block\"><strong>Third Party Links<\/strong><br>\nOur website may contain links to other websites that \u201cWycieczki Bournemouth\u201d does not own or operate. We provide links to third party websites as a convenience to the user. These links are not intended as an endorsement of or referral to the linked websites unless otherwise stated. The linked websites have separate and independent privacy policies, notices and terms of use. We do not have any control over such websites, and therefore we have no responsibility or liability for the manner in which the organisations that operate such linked websites may collect, use or disclose, secure and otherwise treat Personal Data. We encourage you to read the privacy policy of every website you visit.<\/p>\n\n\n\n<p><\/p>\n\n\n\n<p><strong>Your Rights<\/strong><\/p>\n\n\n\n<p>Kr\u00f3tko m\u00f3wi\u0105c, dane osobowe, kt\u00f3re nam udost\u0119pniasz, mog\u0105 by\u0107 uzyskane w momencie dost\u0119pu do strony, chronimy je najlepiej jak potrafimy, mo\u017cemy je zmieni\u0107 na \u017cyczenie i usun\u0105\u0107 z naszych system\u00f3w na \u017c\u0105danie. W przypadku jakichkolwiek skarg, obaw lub pyta\u0144 dotycz\u0105cych sposobu zarz\u0105dzania danymi osobowymi prosimy o kontakt pod adresem &#8222;informacjawycieczki@gmail.com&#8221;. Je\u015bli przebywasz w Unii Europejskiej, masz prawo do z\u0142o\u017cenia skargi do lokalnego organu ochrony danych osobowych.<\/p>\n\n\n\n<p class=\"translation-block\"><strong>Access and Correction of Personal Data<\/strong><br>\nIf we receive a request from an individual to access or update Personal Data, we have collected we will endeavour to respond to said request.<\/p>\n\n\n\n<p>If you submit Personal Data via our Website or otherwise provide us with your Personal Data, you may request access, updating or correction and removal of your Personal Data by submitting a request to us via our contact form. We may request certain Personal Data for the purposes of verifying your identity.<\/p>\n\n\n\n<p class=\"translation-block\"><strong>How We Protect Personal Data<\/strong><br>\n\u201cWycieczki Bournemouth\u201d takes security seriously. We take various steps to protect information you provide to us from loss, misuse, and unauthorised access or disclosure. These steps take into account the sensitivity of the information we collect, process and store, and the current state of technology.<\/p>\n\n\n\n<p class=\"translation-block\"><strong>Cookies<\/strong><br>\n\u201cWycieczki Bournemouth\u201d uses cookies and similar technologies like single-pixel gifs and web beacons to record\/log data. We use both session-based and persistent cookies. In agreeing to this Privacy Policy, you would also be agreeing to our full cookie policy found here: http:\/\/wycieczkibournemouth.co.uk\/polityka-cookies.<\/p>\n\n\n\n<p class=\"translation-block\"><strong>Changes to this Privacy Policy<\/strong><br>\nThis Privacy Policy may be updated periodically to reflect changes to our Personal Data handling practices. The revised Privacy Policy will be posted on the Website. If you continue to use our services or the Website after the changes are in effect, you agree to the revised Notice.\nWe strongly encourage you to please refer to this Privacy Policy often for the latest information about our Personal Data handling practices.<\/p>\n\n\n\n<p>Access to Personal Data is limited via a user management system controlled within WordPress CMS. We ensure that anyone with access to Personal Data at \u201cWycieczki Bournemouth\u201d has an awareness of GDPR &amp; good security practices.<\/p>\n\n\n\n<p><strong>Naruszenie danych osobowych<\/strong><br>W przypadku naruszenia danych osobowych b\u0119dziemy starali si\u0119 powiadomi\u0107 w\u0142a\u015bciwe organy prawne i poinformowa\u0107 osoby poszkodowane w ci\u0105gu 72 godzin od stwierdzenia tego naruszenia. Je\u015bli uwa\u017casz, \u017ce wykryto naruszenie danych osobowych, skontaktuj si\u0119 z nami wysy\u0142aj\u0105c e-mail na adres &#8222;informacjawycieczki@gmail.com&#8221;<\/p>\n\n\n\n<p><strong>Skontaktuj si\u0119 z nami, je\u015bli:<\/strong><br>&#8211; masz pytania lub komentarze dotycz\u0105ce tego regulaminu;<br>&#8211; chcesz uzyska\u0107 dost\u0119p do danych osobowych, usun\u0105\u0107 je, zaktualizowa\u0107 i\/lub skorygowa\u0107 nie\u015bcis\u0142o\u015bci;<br>&#8211; masz pytanie lub skarg\u0119 dotycz\u0105c\u0105 sposobu w jaki my lub nasi us\u0142ugodawcy traktujemy Twoje dane osobowe. Aby skontaktowa\u0107 si\u0119 z osob\u0105 odpowiedzialn\u0105 za nasz\u0105 polityk\u0119 prywatno\u015bci prosz\u0119 wys\u0142a\u0107 wiadomo\u015b\u0107 e-mail na adres: &#8222;informacjawycieczki@gmail.com&#8221;<\/p>\n\n<!--themify_builder_content-->\n<div id=\"themify_builder_content-516\" data-postid=\"516\" class=\"themify_builder_content themify_builder_content-516 themify_builder tf_clear\">\n    <\/div>\n<!--\/themify_builder_content-->\n\n\n<p><\/p>","protected":false},"excerpt":{"rendered":"<p>Polityka prywatno\u015bci Zasady polityki prywatno\u015bci zosta\u0142y opracowane z my\u015bl\u0105 o tym, aby u\u0142atwi\u0107 Pa\u0144stwu zrozumienie informacji gromadzonych w tym serwisie WWW, sposobu ich wykorzystania oraz Pa\u0144stwa wyboru. Spos\u00f3b przechowywania danych, przetwarzania danych i prowadzenia naszej dzia\u0142alno\u015bci jest zgodny z wymogami GDPR. W skr\u00f3cie &#8211; gromadzimy tylko potrzebne dane osobowe, przechowujemy je tak d\u0142ugo, jak jest [&hellip;]<\/p>\n","protected":false},"author":1,"featured_media":0,"parent":0,"menu_order":0,"comment_status":"closed","ping_status":"closed","template":"","meta":{"footnotes":""},"class_list":["post-516","page","type-page","status-publish","hentry","has-post-title","has-post-date","has-post-category","has-post-tag","has-post-comment","has-post-author",""],"builder_content":"","_links":{"self":[{"href":"https:\/\/www.wycieczkibournemouth.co.uk\/en\/wp-json\/wp\/v2\/pages\/516","targetHints":{"allow":["GET"]}}],"collection":[{"href":"https:\/\/www.wycieczkibournemouth.co.uk\/en\/wp-json\/wp\/v2\/pages"}],"about":[{"href":"https:\/\/www.wycieczkibournemouth.co.uk\/en\/wp-json\/wp\/v2\/types\/page"}],"author":[{"embeddable":true,"href":"https:\/\/www.wycieczkibournemouth.co.uk\/en\/wp-json\/wp\/v2\/users\/1"}],"replies":[{"embeddable":true,"href":"https:\/\/www.wycieczkibournemouth.co.uk\/en\/wp-json\/wp\/v2\/comments?post=516"}],"version-history":[{"count":8,"href":"https:\/\/www.wycieczkibournemouth.co.uk\/en\/wp-json\/wp\/v2\/pages\/516\/revisions"}],"predecessor-version":[{"id":578,"href":"https:\/\/www.wycieczkibournemouth.co.uk\/en\/wp-json\/wp\/v2\/pages\/516\/revisions\/578"}],"wp:attachment":[{"href":"https:\/\/www.wycieczkibournemouth.co.uk\/en\/wp-json\/wp\/v2\/media?parent=516"}],"curies":[{"name":"wp","href":"https:\/\/api.w.org\/{rel}","templated":true}]}}