{"id":606,"date":"2021-05-19T10:59:02","date_gmt":"2021-05-19T10:59:02","guid":{"rendered":"http:\/\/wycieczkibournemouth.co.uk\/contact-copy\/"},"modified":"2021-05-27T20:47:43","modified_gmt":"2021-05-27T20:47:43","slug":"o-mnie","status":"publish","type":"page","link":"https:\/\/www.wycieczkibournemouth.co.uk\/en\/o-mnie\/","title":{"rendered":"About me"},"content":{"rendered":"<!--themify_builder_content-->\n<div id=\"themify_builder_content-606\" data-postid=\"606\" class=\"themify_builder_content themify_builder_content-606 themify_builder tf_clear\">\n                    <div  data-lazy=\"1\" class=\"module_row themify_builder_row tb_ze5w698 tb_first tf_w\">\n                        <div class=\"row_inner col_align_top tb_col_count_1 tf_box tf_rel\">\n                        <div  data-lazy=\"1\" class=\"module_column tb-column col-full tb_jdvf700 first\">\n                    <!-- module text -->\n<div  class=\"module module-text tb_k9jk701\" data-lazy=\"1\">\n        <div  class=\"tb_text_wrap\">\n        <h2><img decoding=\"async\" src=\"http:\/\/wycieczkibournemouth.co.uk\/wp-content\/uploads\/2020\/12\/IMG_20201202_095501-283x300.jpg\" alt=\"\" class=\"alignleft wp-image-326 size-medium\" width=\"283\" height=\"300\" \/>Welcome!<\/h2>\n<p>I am very happy to see you here! <br>I would love to take the opportunity and invite you for a walk with me and to have a great adventure discovering the most beautiful spots in Dorset and the Jurassic Coast. <br>Perhaps you already know this is the most attractive tourist destinations in the UK, and the Jurassic Coast is a UNESCO World Heritage Site.<\/p>\n<p>My name is Marta Kaczmarek and I have always been passionate about exploring new places. I like to feed my curiosity by reading about the history of a given region. This was also the case here in Dorset, where I have been living for many years. When I moved to Dorset, I was very interested in the place where I lived, so I did a lot of sightseeing and talking to local people who happily shared their many interesting stories with me, ones that cannot be found in your typical tourist guides.<\/p>\n<p>I have studied tourism as my subject at an University, and gained my first experience in the industry whilst working as a tour guide in my hometown \u2013 the vibrant, historical city of Poznan. My job then was to show Poznan to those visiting the international MTP Poznan Expo, telling them interesting stories about the town which I myself found fascinating.<\/p>\n<p>And so also here, in England, for the last few years I have been organising trips for the local Polish community, as well as for people visiting the South of England. Why not check out what trips you can join me on?<\/p>\n<p>I would love to help you to discover the picturesque jewels of England with their stunning nature. I hope that the time we spend together, enjoying the beauty spots of Dorset will be a relaxing and positive experience which you will remember for the rest of your life.<\/p>    <\/div>\n<\/div>\n<!-- \/module text -->        <div  data-lazy=\"1\" class=\"module_subrow themify_builder_sub_row tf_w gutter-narrow col_align_top tb_col_count_2 tb_q5b3703\">\n                <div  data-lazy=\"1\" class=\"module_column sub_column col4-2 tb_7oun703 first\">\n                    <!-- module icon -->\n<div  class=\"module module-icon tb_m6au704  normal none icon_vertical\" data-lazy=\"1\">\n\t\t\t<div class=\"module-icon-item\">\n\t\t\t\t\t\t\t\t\t\t\t\t\t\t\t\t<em class=\"tf_boxtb_default_color\"\n\t\t\t\t\t\t\t\t\t\t\t\t\t\t\t\t\t><svg  class=\"tf_fa tf-ti-headphone-alt\" xmlns:xlink=\"http:\/\/www.w3.org\/1999\/xlink\" aria-hidden=\"true\"><use href=\"#tf-ti-headphone-alt\" xlink:href=\"#tf-ti-headphone-alt\"><\/use><\/svg><\/em>\n\t\t\t\t\t\t\t\t\t\t\t\t\t\t\t\t\t\t\t<span>Telefon: +44 7514 062480<\/span>\n\t\t\t\t\t\t\t\t\t\t\t\t\t\t\t<\/div>\n\t\t\t<div class=\"module-icon-item\">\n\t\t\t\t\t\t\t\t\t\t\t\t\t\t\t\t<em class=\"tf_boxtb_default_color\"\n\t\t\t\t\t\t\t\t\t\t\t\t\t\t\t\t\t><svg  class=\"tf_fa tf-ti-email\" xmlns:xlink=\"http:\/\/www.w3.org\/1999\/xlink\" aria-hidden=\"true\"><use href=\"#tf-ti-email\" xlink:href=\"#tf-ti-email\"><\/use><\/svg><\/em>\n\t\t\t\t\t\t\t\t\t\t\t\t\t\t\t\t\t\t\t<span>Email: informacjawycieczki@gmail.com<\/span>\n\t\t\t\t\t\t\t\t\t\t\t\t\t\t\t<\/div>\n\t<\/div>\n<!-- \/module icon -->\n        <\/div>\n                    <div  data-lazy=\"1\" class=\"module_column sub_column col4-2 tb_53rf704 last\">\n                    <!-- module icon -->\n<div  class=\"module module-icon tb_3i5k705  normal none icon_vertical\" data-lazy=\"1\">\n\t\t\t<div class=\"module-icon-item\">\n\t\t\t\t\t\t\t<a href=\"https:\/\/twitter.com\/MB\">\n\t\t\t\t\t\t\t\t\t\t\t\t\t\t\t\t\t<em class=\"tf_boxtb_default_color\"\n\t\t\t\t\t\t\t\t\t\t\t\t\t\t\t\t\t><svg  class=\"tf_fa tf-ti-twitter-alt\" xmlns:xlink=\"http:\/\/www.w3.org\/1999\/xlink\" aria-hidden=\"true\"><use href=\"#tf-ti-twitter-alt\" xlink:href=\"#tf-ti-twitter-alt\"><\/use><\/svg><\/em>\n\t\t\t\t\t\t\t\t\t\t\t\t\t\t\t\t\t\t\t<span>Twitter<\/span>\n\t\t\t\t\t\t\t\t\t\t\t\t\t\t\t\t\t<\/a>\n\t\t\t\t\t<\/div>\n\t\t\t<div class=\"module-icon-item\">\n\t\t\t\t\t\t\t<a href=\"https:\/\/www.facebook.com\/MB\">\n\t\t\t\t\t\t\t\t\t\t\t\t\t\t\t\t\t<em class=\"tf_boxtb_default_color\"\n\t\t\t\t\t\t\t\t\t\t\t\t\t\t\t\t\t><svg  class=\"tf_fa tf-ti-facebook\" xmlns:xlink=\"http:\/\/www.w3.org\/1999\/xlink\" aria-hidden=\"true\"><use href=\"#tf-ti-facebook\" xlink:href=\"#tf-ti-facebook\"><\/use><\/svg><\/em>\n\t\t\t\t\t\t\t\t\t\t\t\t\t\t\t\t\t\t\t<span>Facebook<\/span>\n\t\t\t\t\t\t\t\t\t\t\t\t\t\t\t\t\t<\/a>\n\t\t\t\t\t<\/div>\n\t\t\t<div class=\"module-icon-item\">\n\t\t\t\t\t\t\t<a href=\"https:\/\/www.instagram.com\/MB\">\n\t\t\t\t\t\t\t\t\t\t\t\t\t\t\t\t\t<em class=\"tf_boxtb_default_color\"\n\t\t\t\t\t\t\t\t\t\t\t\t\t\t\t\t\t><svg  class=\"tf_fa tf-ti-instagram\" xmlns:xlink=\"http:\/\/www.w3.org\/1999\/xlink\" aria-hidden=\"true\"><use href=\"#tf-ti-instagram\" xlink:href=\"#tf-ti-instagram\"><\/use><\/svg><\/em>\n\t\t\t\t\t\t\t\t\t\t\t\t\t\t\t\t\t\t\t<span>Instagram<\/span>\n\t\t\t\t\t\t\t\t\t\t\t\t\t\t\t\t\t<\/a>\n\t\t\t\t\t<\/div>\n\t<\/div>\n<!-- \/module icon -->\n        <\/div>\n                    <\/div>\n        <!-- module divider -->\n<div  class=\"module tf_mw module-divider tb_d9q3706 solid\" style=\"border-width: 1px;border-color: rgba(0,0,0, 0.11);margin-top: 40px;\" data-lazy=\"1\">\n    <\/div>\n<!-- \/module divider -->\n        <\/div>\n                        <\/div>\n        <\/div>\n        <\/div>\n<!--\/themify_builder_content-->","protected":false},"excerpt":{"rendered":"<p>Witam Ci\u0119 na mojej stronie! Bardzo si\u0119 ciesz\u0119, \u017ce trafi\u0142e\u015b\/\u0142a\u015b tutaj, bo chc\u0119 Ci\u0119 zaprosi\u0107 na wsp\u00f3lny spacer i przygod\u0119 odkrywania najwspanialszych miejsc w Dorset oraz Jurassic Coast. Jak mo\u017ce ju\u017c s\u0142ysza\u0142e\u015b\/\u0142a\u015b, jest to jeden z najatrakcyjniejszych punkt\u00f3w turystycznych w Anglii, a Jurassic Coast zosta\u0142 wci\u0105gni\u0119ty na list\u0119 \u015bwiatowego dziedzictwa UNESCO. Nazywam si\u0119 Marta Kaczmarek [&hellip;]<\/p>\n","protected":false},"author":4,"featured_media":0,"parent":0,"menu_order":0,"comment_status":"closed","ping_status":"closed","template":"","meta":{"footnotes":""},"class_list":["post-606","page","type-page","status-publish","hentry","has-post-title","has-post-date","has-post-category","has-post-tag","has-post-comment","has-post-author",""],"builder_content":"<h2><img decoding=\"async\" src=\"http:\/\/wycieczkibournemouth.co.uk\/wp-content\/uploads\/2020\/12\/IMG_20201202_095501-283x300.jpg\" alt=\"\" width=\"283\" height=\"300\" \/>Witam Ci\u0119 na mojej stronie!<\/h2> <p>Bardzo si\u0119 ciesz\u0119, \u017ce trafi\u0142e\u015b\/\u0142a\u015b tutaj, bo chc\u0119 Ci\u0119 zaprosi\u0107 na wsp\u00f3lny spacer i przygod\u0119 odkrywania najwspanialszych miejsc w Dorset oraz Jurassic Coast. Jak mo\u017ce ju\u017c s\u0142ysza\u0142e\u015b\/\u0142a\u015b, jest to jeden z najatrakcyjniejszych punkt\u00f3w turystycznych w Anglii, a Jurassic Coast zosta\u0142 wci\u0105gni\u0119ty na list\u0119 \u015bwiatowego dziedzictwa UNESCO.<\/p> <p>Nazywam si\u0119 Marta Kaczmarek i od lat jestem pasjonatk\u0105 odkrywania nowych miejsc. Lubi\u0119 karmi\u0107 moj\u0105 ciekawo\u015b\u0107 studiuj\u0105c histori\u0119 danego regionu. Tak i tutaj w Dorset, w kt\u00f3rym mieszkam od wielu lat. Przez ogromne zainteresowanie miejscem, w kt\u00f3rym \u017cyj\u0119 ,du\u017co zwiedza\u0142am, rozmawia\u0142am z lokalnymi mieszka\u0144cami, a oni ch\u0119tnie dzielili si\u0119 ze mn\u0105 wieloma ciekawymi historiami, kt\u00f3re trudno znale\u017a\u0107 w zwyk\u0142ych przewodnikach turystycznych.<\/p> <p>Poprzez moje wykszta\u0142acenie od lat jestem zwi\u0105zana z bran\u017c\u0105 turystyczn\u0105, a pierwsze do\u015bwiadczenia zdobywa\u0142am jako przewodnik turystyczny w moim rodzinnym mie\u015bcie, t\u0119tni\u0105cym \u017cyciem i pe\u0142nym historii, Poznaniu. W\u00f3wczas oprowadza\u0142am go\u015bci przyje\u017cd\u017caj\u0105cych na Targi Pozna\u0144skie, opowiadaj\u0105c im ciekawostki miasta, kt\u00f3re niegdy\u015b mnie sam\u0105 intrygowa\u0142y.<\/p> <p>R\u00f3wnie\u017c tutaj, na ziemi angielskiej, od kilku lat organizuje wycieczki dla lokalnej Polonii jak i prywatne dla os\u00f3b przyje\u017cd\u017caj\u0105cych na wakacje na po\u0142udnie Anglii.<\/p> <p>Zach\u0119cam Ci\u0119 do zapoznania si\u0119 z \u00a0moj\u0105 ofert\u0105 wycieczek i zapewniam Ci\u0119, \u017ce z przyjemno\u015bci\u0105 b\u0119d\u0119 Ci towarzyszy\u0107 w odkrywaniu malowniczych klejnot\u00f3w Anglii i napawaniu si\u0119 zachwycaj\u0105c\u0105 przyrod\u0105. Mam nadziej\u0119, \u017ce moje wycieczki pozwol\u0105 Ci dostrzec pi\u0119kno natury a kontakt z ni\u0105 podzia\u0142a na Ciebie odpr\u0119\u017caj\u0105co i pozostawi pozytywne wspomnienia na ca\u0142e \u017cycie.<\/p>\n<em ><svg xmlns:xlink=\"http:\/\/www.w3.org\/1999\/xlink\" aria-hidden=\"true\"><use href=\"#tf-ti-headphone-alt\" xlink:href=\"#tf-ti-headphone-alt\"><\/use><\/svg><\/em> Telefon: +44 7514 062480 <em ><svg xmlns:xlink=\"http:\/\/www.w3.org\/1999\/xlink\" aria-hidden=\"true\"><use href=\"#tf-ti-email\" xlink:href=\"#tf-ti-email\"><\/use><\/svg><\/em> Email: informacjawycieczki@gmail.com\n<a href=\"https:\/\/twitter.com\/MB\"> <em ><svg xmlns:xlink=\"http:\/\/www.w3.org\/1999\/xlink\" aria-hidden=\"true\"><use href=\"#tf-ti-twitter-alt\" xlink:href=\"#tf-ti-twitter-alt\"><\/use><\/svg><\/em> Twitter <\/a> <a href=\"https:\/\/www.facebook.com\/MB\"> <em ><svg xmlns:xlink=\"http:\/\/www.w3.org\/1999\/xlink\" aria-hidden=\"true\"><use href=\"#tf-ti-facebook\" xlink:href=\"#tf-ti-facebook\"><\/use><\/svg><\/em> Facebook <\/a> <a href=\"https:\/\/www.instagram.com\/MB\"> <em ><svg xmlns:xlink=\"http:\/\/www.w3.org\/1999\/xlink\" aria-hidden=\"true\"><use href=\"#tf-ti-instagram\" xlink:href=\"#tf-ti-instagram\"><\/use><\/svg><\/em> Instagram <\/a>\n","_links":{"self":[{"href":"https:\/\/www.wycieczkibournemouth.co.uk\/en\/wp-json\/wp\/v2\/pages\/606","targetHints":{"allow":["GET"]}}],"collection":[{"href":"https:\/\/www.wycieczkibournemouth.co.uk\/en\/wp-json\/wp\/v2\/pages"}],"about":[{"href":"https:\/\/www.wycieczkibournemouth.co.uk\/en\/wp-json\/wp\/v2\/types\/page"}],"author":[{"embeddable":true,"href":"https:\/\/www.wycieczkibournemouth.co.uk\/en\/wp-json\/wp\/v2\/users\/4"}],"replies":[{"embeddable":true,"href":"https:\/\/www.wycieczkibournemouth.co.uk\/en\/wp-json\/wp\/v2\/comments?post=606"}],"version-history":[{"count":9,"href":"https:\/\/www.wycieczkibournemouth.co.uk\/en\/wp-json\/wp\/v2\/pages\/606\/revisions"}],"predecessor-version":[{"id":804,"href":"https:\/\/www.wycieczkibournemouth.co.uk\/en\/wp-json\/wp\/v2\/pages\/606\/revisions\/804"}],"wp:attachment":[{"href":"https:\/\/www.wycieczkibournemouth.co.uk\/en\/wp-json\/wp\/v2\/media?parent=606"}],"curies":[{"name":"wp","href":"https:\/\/api.w.org\/{rel}","templated":true}]}}