{"id":484,"date":"2021-04-10T18:50:43","date_gmt":"2021-04-10T18:50:43","guid":{"rendered":"http:\/\/wycieczkibournemouth.co.uk\/?post_type=product&#038;p=484"},"modified":"2023-05-04T14:51:55","modified_gmt":"2023-05-04T14:51:55","slug":"corfecastle","status":"publish","type":"product","link":"https:\/\/www.wycieczkibournemouth.co.uk\/en\/product\/corfecastle\/","title":{"rendered":"Wycieczka Corfe Castle"},"content":{"rendered":"","protected":false},"excerpt":{"rendered":"<p>Zar\u00f3wno doro\u015bli jak i dzieci b\u0119d\u0105 oczarowani romantycznymi ruinami zamku Corfe.<\/p>","protected":false},"featured_media":379,"comment_status":"open","ping_status":"closed","template":"","meta":[],"product_brand":[],"product_cat":[26],"product_tag":[],"class_list":{"0":"post-484","1":"product","2":"type-product","3":"status-publish","4":"has-post-thumbnail","6":"product_cat-wycieczki","7":"bookacti-activity","8":"has-post-title","9":"has-post-date","10":"has-post-category","11":"has-post-tag","12":"has-post-comment","13":"has-post-author","14":"","16":"first","17":"instock","18":"shipping-taxable","19":"purchasable","20":"product-type-variable","21":"has-default-attributes"},"builder_content":"","_links":{"self":[{"href":"https:\/\/www.wycieczkibournemouth.co.uk\/en\/wp-json\/wp\/v2\/product\/484","targetHints":{"allow":["GET"]}}],"collection":[{"href":"https:\/\/www.wycieczkibournemouth.co.uk\/en\/wp-json\/wp\/v2\/product"}],"about":[{"href":"https:\/\/www.wycieczkibournemouth.co.uk\/en\/wp-json\/wp\/v2\/types\/product"}],"replies":[{"embeddable":true,"href":"https:\/\/www.wycieczkibournemouth.co.uk\/en\/wp-json\/wp\/v2\/comments?post=484"}],"wp:featuredmedia":[{"embeddable":true,"href":"https:\/\/www.wycieczkibournemouth.co.uk\/en\/wp-json\/wp\/v2\/media\/379"}],"wp:attachment":[{"href":"https:\/\/www.wycieczkibournemouth.co.uk\/en\/wp-json\/wp\/v2\/media?parent=484"}],"wp:term":[{"taxonomy":"product_brand","embeddable":true,"href":"https:\/\/www.wycieczkibournemouth.co.uk\/en\/wp-json\/wp\/v2\/product_brand?post=484"},{"taxonomy":"product_cat","embeddable":true,"href":"https:\/\/www.wycieczkibournemouth.co.uk\/en\/wp-json\/wp\/v2\/product_cat?post=484"},{"taxonomy":"product_tag","embeddable":true,"href":"https:\/\/www.wycieczkibournemouth.co.uk\/en\/wp-json\/wp\/v2\/product_tag?post=484"}],"curies":[{"name":"wp","href":"https:\/\/api.w.org\/{rel}","templated":true}]}}